{"id":5998,"date":"2015-01-31T17:55:44","date_gmt":"2015-01-31T15:55:44","guid":{"rendered":"https:\/\/discoverportovenere.com\/?page_id=5998"},"modified":"2022-06-15T14:07:45","modified_gmt":"2022-06-15T12:07:45","slug":"dove-si-trova-porto-venere","status":"publish","type":"page","link":"https:\/\/discoverportovenere.com\/it\/dove-si-trova-porto-venere\/","title":{"rendered":"Dove si trova Portovenere?"},"content":{"rendered":"<div class=\"wp-block-image\">\n<figure class=\"aligncenter size-large\"><a href=\"https:\/\/cdn.galaxy.tf\/uploads\/applications\/documents\/001\/654\/258\/portovenere-golfo-dei-poeti-mappa.pdf\" target=\"_blank\" rel=\"noopener noreferrer\"><img loading=\"lazy\" decoding=\"async\" width=\"1200\" height=\"408\" src=\"https:\/\/discoverportovenere.com\/wp-content\/uploads\/2022\/06\/Portovenere-Gulf-of-Poets-Cinque-Terre-MAP-1200x408.jpg\" alt=\"\" class=\"wp-image-4749\" srcset=\"https:\/\/discoverportovenere.com\/wp-content\/uploads\/2022\/06\/Portovenere-Gulf-of-Poets-Cinque-Terre-MAP-1200x408.jpg 1200w, https:\/\/discoverportovenere.com\/wp-content\/uploads\/2022\/06\/Portovenere-Gulf-of-Poets-Cinque-Terre-MAP-350x119.jpg 350w, https:\/\/discoverportovenere.com\/wp-content\/uploads\/2022\/06\/Portovenere-Gulf-of-Poets-Cinque-Terre-MAP-768x261.jpg 768w, https:\/\/discoverportovenere.com\/wp-content\/uploads\/2022\/06\/Portovenere-Gulf-of-Poets-Cinque-Terre-MAP-1536x522.jpg 1536w, https:\/\/discoverportovenere.com\/wp-content\/uploads\/2022\/06\/Portovenere-Gulf-of-Poets-Cinque-Terre-MAP-2048x696.jpg 2048w\" sizes=\"auto, (max-width: 1200px) 100vw, 1200px\" \/><\/a><figcaption><em><a href=\"https:\/\/cdn.galaxy.tf\/uploads\/applications\/documents\/001\/654\/166\/portovenere-gulf-of-poets-cinque-terre-map.pdf\" target=\"_blank\" rel=\"noreferrer noopener\">Clicca per visualizzare la mappa completa e la guida del territorio<\/a><\/em><\/figcaption><\/figure>\n<\/div>\n\n\n<p>Meta del turismo d&#8217;\u00e9lite da oltre un secolo, <a href=\"https:\/\/discoverportovenere.com\/it\/cose-da-fare-a-portovenere\/\">Portovenere<\/a> \u00e8 un affascinante borgo che si trova sul punto che collega le spettacolari <a href=\"https:\/\/discoverportovenere.com\/it\/portovenere-cinque-terre-cosa-fare\/\">Cinque Terre<\/a> al suggestivo <a href=\"https:\/\/discoverportovenere.com\/it\/golfo-dei-poeti\/\">Golfo dei Poeti<\/a>.<\/p>\n\n\n\n<p>Questa zona, nota per i suoi borghi marinari dai colori vivaci, le acque incontaminate, le riserve marine e un&#8217;ampia variet\u00e0 di sentieri escursionistici, ti offre numerose esperienze di viaggio durante la tua vacanza. Da Portovenere, <a href=\"https:\/\/www.unesco.it\/it\/PatrimonioMondiale\/Detail\/121\" target=\"_blank\" rel=\"noreferrer noopener\">Patrimonio dell&#8217;UNESCO<\/a>, \u00e8 facile visitare le vicine attrazioni come le Cinque Terre, Portofino, Lerici, Carrara e molte altre.<\/p>\n\n\n\n<p><\/p>\n\n\n\n<h2 class=\"wp-block-heading\">Contattaci<\/h2>\n\n\n\n<p>Per contattarci per qualsiasi cosa relativa al blog, scrivi a blog@discoverportovenere.com<\/p>\n\n\n\n<h3 class=\"wp-block-heading\">Visita Portovenere: vacanza nel Golfo dei Poeti<\/h3>\n\n\n\n<p>Se vuoi prenotare la tua prossima vacanza al mare nella splendida Portovenere, contatta il Grand Hotel Portovenere:<\/p>\n\n\n\n<p>Tel: +39 0187 777 751<br>Email: info@portoveneregrand.com<br>Website:\u00a0<a href=\"https:\/\/www.portoveneregrand.com\/\" target=\"_blank\" rel=\"noopener noreferrer\">www.portoveneregrand.com<\/a><\/p>\n\n\n\n<h4 class=\"wp-block-heading\">Dov&#8217;\u00e8 Portovenere Grand Hotel?<\/h4>\n\n\n\n<figure><iframe loading=\"lazy\" style=\"border: 0;\" src=\"https:\/\/www.google.com\/maps\/embed?pb=!1m14!1m8!1m3!1d91760.1871175366!2d9.836411576720504!3d44.05226221774693!3m2!1i1024!2i768!4f13.1!3m3!1m2!1s0x12d4fc2184fd08c9%3A0xa8fb9b1dc0841d7f!2sGrand+Hotel+Portovenere!5e0!3m2!1sit!2sit!4v1422810424494\" width=\"600\" height=\"450\" frameborder=\"0\"><\/iframe><\/figure>\n\n\n\n<p>Via Giuseppe Garibaldi, 5 &#8211;&nbsp;19025 Portovenere (Sp)&nbsp;&#8211;&nbsp;Liguria<br><\/p>\n","protected":false},"excerpt":{"rendered":"<p>Clicca per visualizzare la mappa completa e la guida del territorio Meta del turismo d&#8217;\u00e9lite da oltre un secolo, Portovenere \u00e8 un affascinante borgo che&hellip;<\/p>\n","protected":false},"author":2,"featured_media":5410,"parent":0,"menu_order":0,"comment_status":"closed","ping_status":"closed","template":"","meta":{"jetpack_post_was_ever_published":false,"footnotes":""},"class_list":["post-5998","page","type-page","status-publish","has-post-thumbnail","hentry","post-grid"],"yoast_head":"<!-- This site is optimized with the Yoast SEO plugin v27.1.1 - https:\/\/yoast.com\/product\/yoast-seo-wordpress\/ -->\n<title>Dove si trova Porto Venere? | Discover Portovenere Blog<\/title>\n<meta name=\"description\" content=\"Tutto su Portovenere, dove si trova, storia e curiosit\u00e0. Meta del turismo d&#039;\u00e9lite da oltre un secolo, Porto Venere \u00e8 tutta da scoprire\" \/>\n<meta name=\"robots\" content=\"index, follow, max-snippet:-1, max-image-preview:large, max-video-preview:-1\" \/>\n<link rel=\"canonical\" href=\"https:\/\/discoverportovenere.com\/it\/dove-si-trova-porto-venere\/\" \/>\n<meta property=\"og:locale\" content=\"it_IT\" \/>\n<meta property=\"og:type\" content=\"article\" \/>\n<meta property=\"og:title\" content=\"Dove si trova Porto Venere? | Discover Portovenere Blog\" \/>\n<meta property=\"og:description\" content=\"Tutto su Portovenere, dove si trova, storia e curiosit\u00e0. Meta del turismo d&#039;\u00e9lite da oltre un secolo, Porto Venere \u00e8 tutta da scoprire\" \/>\n<meta property=\"og:url\" content=\"https:\/\/discoverportovenere.com\/it\/dove-si-trova-porto-venere\/\" \/>\n<meta property=\"og:site_name\" content=\"Discover Portovenere Blog\" \/>\n<meta property=\"article:publisher\" content=\"https:\/\/www.facebook.com\/grandhotelportovenere\" \/>\n<meta property=\"article:modified_time\" content=\"2022-06-15T12:07:45+00:00\" \/>\n<meta property=\"og:image\" content=\"https:\/\/discoverportovenere.com\/wp-content\/uploads\/2018\/03\/gulf-of-poets-portovenere.jpg\" \/>\n\t<meta property=\"og:image:width\" content=\"1200\" \/>\n\t<meta property=\"og:image:height\" content=\"800\" \/>\n\t<meta property=\"og:image:type\" content=\"image\/jpeg\" \/>\n<meta name=\"twitter:card\" content=\"summary_large_image\" \/>\n<meta name=\"twitter:site\" content=\"@ghportovenere\" \/>\n<meta name=\"twitter:label1\" content=\"Tempo di lettura stimato\" \/>\n\t<meta name=\"twitter:data1\" content=\"1 minuto\" \/>\n<script type=\"application\/ld+json\" class=\"yoast-schema-graph\">{\"@context\":\"https:\/\/schema.org\",\"@graph\":[{\"@type\":\"WebPage\",\"@id\":\"https:\/\/discoverportovenere.com\/it\/dove-si-trova-porto-venere\/\",\"url\":\"https:\/\/discoverportovenere.com\/it\/dove-si-trova-porto-venere\/\",\"name\":\"Dove si trova Porto Venere? | Discover Portovenere Blog\",\"isPartOf\":{\"@id\":\"https:\/\/discoverportovenere.com\/it\/#website\"},\"primaryImageOfPage\":{\"@id\":\"https:\/\/discoverportovenere.com\/it\/dove-si-trova-porto-venere\/#primaryimage\"},\"image\":{\"@id\":\"https:\/\/discoverportovenere.com\/it\/dove-si-trova-porto-venere\/#primaryimage\"},\"thumbnailUrl\":\"https:\/\/discoverportovenere.com\/wp-content\/uploads\/2018\/03\/gulf-of-poets-portovenere.jpg\",\"datePublished\":\"2015-01-31T15:55:44+00:00\",\"dateModified\":\"2022-06-15T12:07:45+00:00\",\"description\":\"Tutto su Portovenere, dove si trova, storia e curiosit\u00e0. Meta del turismo d'\u00e9lite da oltre un secolo, Porto Venere \u00e8 tutta da scoprire\",\"breadcrumb\":{\"@id\":\"https:\/\/discoverportovenere.com\/it\/dove-si-trova-porto-venere\/#breadcrumb\"},\"inLanguage\":\"it-IT\",\"potentialAction\":[{\"@type\":\"ReadAction\",\"target\":[\"https:\/\/discoverportovenere.com\/it\/dove-si-trova-porto-venere\/\"]}]},{\"@type\":\"ImageObject\",\"inLanguage\":\"it-IT\",\"@id\":\"https:\/\/discoverportovenere.com\/it\/dove-si-trova-porto-venere\/#primaryimage\",\"url\":\"https:\/\/discoverportovenere.com\/wp-content\/uploads\/2018\/03\/gulf-of-poets-portovenere.jpg\",\"contentUrl\":\"https:\/\/discoverportovenere.com\/wp-content\/uploads\/2018\/03\/gulf-of-poets-portovenere.jpg\",\"width\":1200,\"height\":800},{\"@type\":\"BreadcrumbList\",\"@id\":\"https:\/\/discoverportovenere.com\/it\/dove-si-trova-porto-venere\/#breadcrumb\",\"itemListElement\":[{\"@type\":\"ListItem\",\"position\":1,\"name\":\"Homepage\",\"item\":\"https:\/\/discoverportovenere.com\/it\/\"},{\"@type\":\"ListItem\",\"position\":2,\"name\":\"Dove si trova Portovenere?\"}]},{\"@type\":\"WebSite\",\"@id\":\"https:\/\/discoverportovenere.com\/it\/#website\",\"url\":\"https:\/\/discoverportovenere.com\/it\/\",\"name\":\"Discover Portovenere Blog\",\"description\":\"between Liguria & Tuscany\",\"publisher\":{\"@id\":\"https:\/\/discoverportovenere.com\/it\/#organization\"},\"potentialAction\":[{\"@type\":\"SearchAction\",\"target\":{\"@type\":\"EntryPoint\",\"urlTemplate\":\"https:\/\/discoverportovenere.com\/it\/?s={search_term_string}\"},\"query-input\":{\"@type\":\"PropertyValueSpecification\",\"valueRequired\":true,\"valueName\":\"search_term_string\"}}],\"inLanguage\":\"it-IT\"},{\"@type\":\"Organization\",\"@id\":\"https:\/\/discoverportovenere.com\/it\/#organization\",\"name\":\"Discover Portovenere - Grand Hotel Portovenere\",\"url\":\"https:\/\/discoverportovenere.com\/it\/\",\"logo\":{\"@type\":\"ImageObject\",\"inLanguage\":\"it-IT\",\"@id\":\"https:\/\/discoverportovenere.com\/it\/#\/schema\/logo\/image\/\",\"url\":\"https:\/\/discoverportovenere.com\/wp-content\/uploads\/2018\/03\/discover-portovenere-liguria-tuscany-700.png\",\"contentUrl\":\"https:\/\/discoverportovenere.com\/wp-content\/uploads\/2018\/03\/discover-portovenere-liguria-tuscany-700.png\",\"width\":700,\"height\":92,\"caption\":\"Discover Portovenere - Grand Hotel Portovenere\"},\"image\":{\"@id\":\"https:\/\/discoverportovenere.com\/it\/#\/schema\/logo\/image\/\"},\"sameAs\":[\"https:\/\/www.facebook.com\/grandhotelportovenere\",\"https:\/\/x.com\/ghportovenere\",\"https:\/\/www.instagram.com\/ghportovenere\/\",\"https:\/\/www.linkedin.com\/company\/grand-hotel-portovenere\",\"https:\/\/www.youtube.com\/c\/Portoveneregrand\"]}]}<\/script>\n<!-- \/ Yoast SEO plugin. -->","yoast_head_json":{"title":"Dove si trova Porto Venere? | Discover Portovenere Blog","description":"Tutto su Portovenere, dove si trova, storia e curiosit\u00e0. Meta del turismo d'\u00e9lite da oltre un secolo, Porto Venere \u00e8 tutta da scoprire","robots":{"index":"index","follow":"follow","max-snippet":"max-snippet:-1","max-image-preview":"max-image-preview:large","max-video-preview":"max-video-preview:-1"},"canonical":"https:\/\/discoverportovenere.com\/it\/dove-si-trova-porto-venere\/","og_locale":"it_IT","og_type":"article","og_title":"Dove si trova Porto Venere? | Discover Portovenere Blog","og_description":"Tutto su Portovenere, dove si trova, storia e curiosit\u00e0. Meta del turismo d'\u00e9lite da oltre un secolo, Porto Venere \u00e8 tutta da scoprire","og_url":"https:\/\/discoverportovenere.com\/it\/dove-si-trova-porto-venere\/","og_site_name":"Discover Portovenere Blog","article_publisher":"https:\/\/www.facebook.com\/grandhotelportovenere","article_modified_time":"2022-06-15T12:07:45+00:00","og_image":[{"width":1200,"height":800,"url":"https:\/\/discoverportovenere.com\/wp-content\/uploads\/2018\/03\/gulf-of-poets-portovenere.jpg","type":"image\/jpeg"}],"twitter_card":"summary_large_image","twitter_site":"@ghportovenere","twitter_misc":{"Tempo di lettura stimato":"1 minuto"},"schema":{"@context":"https:\/\/schema.org","@graph":[{"@type":"WebPage","@id":"https:\/\/discoverportovenere.com\/it\/dove-si-trova-porto-venere\/","url":"https:\/\/discoverportovenere.com\/it\/dove-si-trova-porto-venere\/","name":"Dove si trova Porto Venere? | Discover Portovenere Blog","isPartOf":{"@id":"https:\/\/discoverportovenere.com\/it\/#website"},"primaryImageOfPage":{"@id":"https:\/\/discoverportovenere.com\/it\/dove-si-trova-porto-venere\/#primaryimage"},"image":{"@id":"https:\/\/discoverportovenere.com\/it\/dove-si-trova-porto-venere\/#primaryimage"},"thumbnailUrl":"https:\/\/discoverportovenere.com\/wp-content\/uploads\/2018\/03\/gulf-of-poets-portovenere.jpg","datePublished":"2015-01-31T15:55:44+00:00","dateModified":"2022-06-15T12:07:45+00:00","description":"Tutto su Portovenere, dove si trova, storia e curiosit\u00e0. Meta del turismo d'\u00e9lite da oltre un secolo, Porto Venere \u00e8 tutta da scoprire","breadcrumb":{"@id":"https:\/\/discoverportovenere.com\/it\/dove-si-trova-porto-venere\/#breadcrumb"},"inLanguage":"it-IT","potentialAction":[{"@type":"ReadAction","target":["https:\/\/discoverportovenere.com\/it\/dove-si-trova-porto-venere\/"]}]},{"@type":"ImageObject","inLanguage":"it-IT","@id":"https:\/\/discoverportovenere.com\/it\/dove-si-trova-porto-venere\/#primaryimage","url":"https:\/\/discoverportovenere.com\/wp-content\/uploads\/2018\/03\/gulf-of-poets-portovenere.jpg","contentUrl":"https:\/\/discoverportovenere.com\/wp-content\/uploads\/2018\/03\/gulf-of-poets-portovenere.jpg","width":1200,"height":800},{"@type":"BreadcrumbList","@id":"https:\/\/discoverportovenere.com\/it\/dove-si-trova-porto-venere\/#breadcrumb","itemListElement":[{"@type":"ListItem","position":1,"name":"Homepage","item":"https:\/\/discoverportovenere.com\/it\/"},{"@type":"ListItem","position":2,"name":"Dove si trova Portovenere?"}]},{"@type":"WebSite","@id":"https:\/\/discoverportovenere.com\/it\/#website","url":"https:\/\/discoverportovenere.com\/it\/","name":"Discover Portovenere Blog","description":"between Liguria & Tuscany","publisher":{"@id":"https:\/\/discoverportovenere.com\/it\/#organization"},"potentialAction":[{"@type":"SearchAction","target":{"@type":"EntryPoint","urlTemplate":"https:\/\/discoverportovenere.com\/it\/?s={search_term_string}"},"query-input":{"@type":"PropertyValueSpecification","valueRequired":true,"valueName":"search_term_string"}}],"inLanguage":"it-IT"},{"@type":"Organization","@id":"https:\/\/discoverportovenere.com\/it\/#organization","name":"Discover Portovenere - Grand Hotel Portovenere","url":"https:\/\/discoverportovenere.com\/it\/","logo":{"@type":"ImageObject","inLanguage":"it-IT","@id":"https:\/\/discoverportovenere.com\/it\/#\/schema\/logo\/image\/","url":"https:\/\/discoverportovenere.com\/wp-content\/uploads\/2018\/03\/discover-portovenere-liguria-tuscany-700.png","contentUrl":"https:\/\/discoverportovenere.com\/wp-content\/uploads\/2018\/03\/discover-portovenere-liguria-tuscany-700.png","width":700,"height":92,"caption":"Discover Portovenere - Grand Hotel Portovenere"},"image":{"@id":"https:\/\/discoverportovenere.com\/it\/#\/schema\/logo\/image\/"},"sameAs":["https:\/\/www.facebook.com\/grandhotelportovenere","https:\/\/x.com\/ghportovenere","https:\/\/www.instagram.com\/ghportovenere\/","https:\/\/www.linkedin.com\/company\/grand-hotel-portovenere","https:\/\/www.youtube.com\/c\/Portoveneregrand"]}]}},"jetpack_sharing_enabled":true,"jetpack_shortlink":"https:\/\/wp.me\/P5GNh5-1yK","jetpack-related-posts":[{"id":5988,"url":"https:\/\/discoverportovenere.com\/it\/blog-su-porto-venere\/","url_meta":{"origin":5998,"position":0},"title":"Discover Portovenere Blog","author":"Portovenere","date":"31\/01\/2015","format":false,"excerpt":"Discover Portovenere Blog \u00e8 una rivista online dedicata all'affascinante Porto Venere, una perla ricca di storia, tradizioni culinarie e natura incontaminata. Si trova tra le Cinque Terre della riviera ligure e la Versilia in Toscana, nella baia conosciuta come Golfo dei Poeti o Golfo della Spezia. Fonte di informazione sugli\u2026","rel":"","context":"Articolo simile","block_context":{"text":"Articolo simile","link":""},"img":{"alt_text":"","src":"https:\/\/i0.wp.com\/discoverportovenere.com\/wp-content\/uploads\/2018\/03\/portovenere-blog-discover-portovenere.jpg?resize=350%2C200&ssl=1","width":350,"height":200,"srcset":"https:\/\/i0.wp.com\/discoverportovenere.com\/wp-content\/uploads\/2018\/03\/portovenere-blog-discover-portovenere.jpg?resize=350%2C200&ssl=1 1x, https:\/\/i0.wp.com\/discoverportovenere.com\/wp-content\/uploads\/2018\/03\/portovenere-blog-discover-portovenere.jpg?resize=525%2C300&ssl=1 1.5x, https:\/\/i0.wp.com\/discoverportovenere.com\/wp-content\/uploads\/2018\/03\/portovenere-blog-discover-portovenere.jpg?resize=700%2C400&ssl=1 2x, https:\/\/i0.wp.com\/discoverportovenere.com\/wp-content\/uploads\/2018\/03\/portovenere-blog-discover-portovenere.jpg?resize=1050%2C600&ssl=1 3x"},"classes":[]},{"id":5990,"url":"https:\/\/discoverportovenere.com\/it\/golfo-dei-poeti\/","url_meta":{"origin":5998,"position":1},"title":"Golfo dei Poeti","author":"Portovenere","date":"16\/03\/2018","format":false,"excerpt":"Il Golfo dei Poeti, formalmente conosciuto come Golfo della Spezia, \u00e8 un\u2019ampia baia sulla costa ligure orientale. Questo splendido golfo si estende tra i borghi marinari di Portovenere e Lerici. Al centro della baia sorge La Spezia, capoluogo della provincia. 3 motivi per visitare il Golfo dei Poeti Esplorare questa\u2026","rel":"","context":"Articolo simile","block_context":{"text":"Articolo simile","link":""},"img":{"alt_text":"","src":"https:\/\/i0.wp.com\/discoverportovenere.com\/wp-content\/uploads\/2018\/03\/gulf-of-poets.jpg?resize=350%2C200&ssl=1","width":350,"height":200,"srcset":"https:\/\/i0.wp.com\/discoverportovenere.com\/wp-content\/uploads\/2018\/03\/gulf-of-poets.jpg?resize=350%2C200&ssl=1 1x, https:\/\/i0.wp.com\/discoverportovenere.com\/wp-content\/uploads\/2018\/03\/gulf-of-poets.jpg?resize=525%2C300&ssl=1 1.5x, https:\/\/i0.wp.com\/discoverportovenere.com\/wp-content\/uploads\/2018\/03\/gulf-of-poets.jpg?resize=700%2C400&ssl=1 2x, https:\/\/i0.wp.com\/discoverportovenere.com\/wp-content\/uploads\/2018\/03\/gulf-of-poets.jpg?resize=1050%2C600&ssl=1 3x"},"classes":[]},{"id":1423,"url":"https:\/\/discoverportovenere.com\/welcome\/","url_meta":{"origin":5998,"position":2},"title":"Welcome!","author":"Portovenere","date":"15\/03\/2017","format":false,"excerpt":"We hope your stay will be unforgettable.Here are some links that you might find useful when planning your activities in and around the Gulf of Poets.\u00a0 Vi auguriamo un soggiorno indimenticabile.Ecco alcuni link che vi potrebbero essere utili per sfruttare al meglio la vostra visita nel Golfo dei Poeti.\u00a0 Are\u2026","rel":"","context":"Articolo simile","block_context":{"text":"Articolo simile","link":""},"img":{"alt_text":"parati-ghp","src":"https:\/\/i0.wp.com\/discoverportovenere.com\/wp-content\/uploads\/2019\/01\/parati-ghp.jpg?resize=350%2C200&ssl=1","width":350,"height":200,"srcset":"https:\/\/i0.wp.com\/discoverportovenere.com\/wp-content\/uploads\/2019\/01\/parati-ghp.jpg?resize=350%2C200&ssl=1 1x, https:\/\/i0.wp.com\/discoverportovenere.com\/wp-content\/uploads\/2019\/01\/parati-ghp.jpg?resize=525%2C300&ssl=1 1.5x, https:\/\/i0.wp.com\/discoverportovenere.com\/wp-content\/uploads\/2019\/01\/parati-ghp.jpg?resize=700%2C400&ssl=1 2x, https:\/\/i0.wp.com\/discoverportovenere.com\/wp-content\/uploads\/2019\/01\/parati-ghp.jpg?resize=1050%2C600&ssl=1 3x"},"classes":[]},{"id":16,"url":"https:\/\/discoverportovenere.com\/about-portovenere\/","url_meta":{"origin":5998,"position":3},"title":"Discover Portovenere Blog","author":"Portovenere","date":"31\/01\/2015","format":false,"excerpt":"Discover Portovenere Blog is an online travel magazine dedicated to the mesmerizing Italian seaside destination of Porto Venere, a true gem full of history, character, delicious cuisine and pristine nature. It is strategically located between the world-renowned Cinque Terre in Liguria and Versilia in Tuscany. This part of the Italian\u2026","rel":"","context":"Articolo simile","block_context":{"text":"Articolo simile","link":""},"img":{"alt_text":"portovenere blog discover portovenere","src":"https:\/\/i0.wp.com\/discoverportovenere.com\/wp-content\/uploads\/2018\/03\/portovenere-blog-discover-portovenere.jpg?resize=350%2C200&ssl=1","width":350,"height":200,"srcset":"https:\/\/i0.wp.com\/discoverportovenere.com\/wp-content\/uploads\/2018\/03\/portovenere-blog-discover-portovenere.jpg?resize=350%2C200&ssl=1 1x, https:\/\/i0.wp.com\/discoverportovenere.com\/wp-content\/uploads\/2018\/03\/portovenere-blog-discover-portovenere.jpg?resize=525%2C300&ssl=1 1.5x, https:\/\/i0.wp.com\/discoverportovenere.com\/wp-content\/uploads\/2018\/03\/portovenere-blog-discover-portovenere.jpg?resize=700%2C400&ssl=1 2x, https:\/\/i0.wp.com\/discoverportovenere.com\/wp-content\/uploads\/2018\/03\/portovenere-blog-discover-portovenere.jpg?resize=1050%2C600&ssl=1 3x"},"classes":[]},{"id":20,"url":"https:\/\/discoverportovenere.com\/portovenere-italy\/","url_meta":{"origin":5998,"position":4},"title":"Where is Portovenere?","author":"Raffaella","date":"31\/01\/2015","format":false,"excerpt":"Click to view the full map and guide of the territory A destination for elite tourism for over a century, Portovenere is a charming Italian village that sits on the point connecting the spectacular Cinque Terre to the inspirational Gulf of Poets. This area, known for its brightly colored fishing\u2026","rel":"","context":"Articolo simile","block_context":{"text":"Articolo simile","link":""},"img":{"alt_text":"gulf of poets portovenere","src":"https:\/\/i0.wp.com\/discoverportovenere.com\/wp-content\/uploads\/2018\/03\/gulf-of-poets-portovenere.jpg?resize=350%2C200&ssl=1","width":350,"height":200,"srcset":"https:\/\/i0.wp.com\/discoverportovenere.com\/wp-content\/uploads\/2018\/03\/gulf-of-poets-portovenere.jpg?resize=350%2C200&ssl=1 1x, https:\/\/i0.wp.com\/discoverportovenere.com\/wp-content\/uploads\/2018\/03\/gulf-of-poets-portovenere.jpg?resize=525%2C300&ssl=1 1.5x, https:\/\/i0.wp.com\/discoverportovenere.com\/wp-content\/uploads\/2018\/03\/gulf-of-poets-portovenere.jpg?resize=700%2C400&ssl=1 2x, https:\/\/i0.wp.com\/discoverportovenere.com\/wp-content\/uploads\/2018\/03\/gulf-of-poets-portovenere.jpg?resize=1050%2C600&ssl=1 3x"},"classes":[]},{"id":2467,"url":"https:\/\/discoverportovenere.com\/gulf-of-poets\/","url_meta":{"origin":5998,"position":5},"title":"Gulf of Poets","author":"Portovenere","date":"16\/03\/2018","format":false,"excerpt":"The Gulf of Poets (or Bay of Poets), formally known as Gulf of La Spezia, is a deep and wide bay on the eastern tip of Liguria\u2019s coast. This beautiful gulf stretches between the sea villages of Portovenere and Lerici. The larger town of La Spezia lies in the middle\u2026","rel":"","context":"Articolo simile","block_context":{"text":"Articolo simile","link":""},"img":{"alt_text":"Gulf of Poets - Bay of Spezia","src":"https:\/\/i0.wp.com\/discoverportovenere.com\/wp-content\/uploads\/2018\/03\/gulf-of-poets.jpg?resize=350%2C200&ssl=1","width":350,"height":200,"srcset":"https:\/\/i0.wp.com\/discoverportovenere.com\/wp-content\/uploads\/2018\/03\/gulf-of-poets.jpg?resize=350%2C200&ssl=1 1x, https:\/\/i0.wp.com\/discoverportovenere.com\/wp-content\/uploads\/2018\/03\/gulf-of-poets.jpg?resize=525%2C300&ssl=1 1.5x, https:\/\/i0.wp.com\/discoverportovenere.com\/wp-content\/uploads\/2018\/03\/gulf-of-poets.jpg?resize=700%2C400&ssl=1 2x, https:\/\/i0.wp.com\/discoverportovenere.com\/wp-content\/uploads\/2018\/03\/gulf-of-poets.jpg?resize=1050%2C600&ssl=1 3x"},"classes":[]}],"_links":{"self":[{"href":"https:\/\/discoverportovenere.com\/it\/wp-json\/wp\/v2\/pages\/5998","targetHints":{"allow":["GET"]}}],"collection":[{"href":"https:\/\/discoverportovenere.com\/it\/wp-json\/wp\/v2\/pages"}],"about":[{"href":"https:\/\/discoverportovenere.com\/it\/wp-json\/wp\/v2\/types\/page"}],"author":[{"embeddable":true,"href":"https:\/\/discoverportovenere.com\/it\/wp-json\/wp\/v2\/users\/2"}],"replies":[{"embeddable":true,"href":"https:\/\/discoverportovenere.com\/it\/wp-json\/wp\/v2\/comments?post=5998"}],"version-history":[{"count":0,"href":"https:\/\/discoverportovenere.com\/it\/wp-json\/wp\/v2\/pages\/5998\/revisions"}],"wp:featuredmedia":[{"embeddable":true,"href":"https:\/\/discoverportovenere.com\/it\/wp-json\/wp\/v2\/media\/5410"}],"wp:attachment":[{"href":"https:\/\/discoverportovenere.com\/it\/wp-json\/wp\/v2\/media?parent=5998"}],"curies":[{"name":"wp","href":"https:\/\/api.w.org\/{rel}","templated":true}]}}